{"id":21,"date":"2022-01-06T20:32:26","date_gmt":"2022-01-06T19:32:26","guid":{"rendered":"https:\/\/jambrosic.com\/?page_id=21"},"modified":"2022-01-06T20:32:26","modified_gmt":"2022-01-06T19:32:26","slug":"stvori-svoju-web-stranicu-s-blokovima","status":"publish","type":"page","link":"https:\/\/jambrosic.com\/","title":{"rendered":"Stvori svoju web-stranicu s blokovima"},"content":{"rendered":"\n\t\t\t\t\t\n\t\t\t\t\t<h2 class=\"alignwide has-text-align-wide has-gigantic-font-size wp-block-heading\" style=\"line-height:1.1\">Stvori svoju web-stranicu s blokovima<\/h2>\n\t\t\t\t\t\n\n\t\t\t\t\t\n\t\t\t\t\t<div style=\"height:100px\" aria-hidden=\"true\" class=\"wp-block-spacer\"><\/div>\n\t\t\t\t\t\n\n\t\t\t\t\t\n\t\t\t\t\t<div class=\"wp-block-columns alignwide are-vertically-aligned-center is-style-twentytwentyone-columns-overlap is-layout-flex wp-container-core-columns-is-layout-1 wp-block-columns-is-layout-flex\">\n\t\t\t\t\t<div class=\"wp-block-column is-vertically-aligned-center is-layout-flow wp-block-column-is-layout-flow\">\n\t\t\t\t\t<figure class=\"wp-block-image alignfull size-large\"><img decoding=\"async\" src=\"https:\/\/jambrosic.com\/wp-content\/themes\/twentytwentyone\/assets\/images\/roses-tremieres-hollyhocks-1884.jpg\" alt=\"&#8220;Roses Tr\u00e9mi\u00e8res&#8221; by Berthe Morisot\"\/><\/figure>\n\t\t\t\t\t\n\n\t\t\t\t\t\n\t\t\t\t\t<div style=\"height:100px\" aria-hidden=\"true\" class=\"wp-block-spacer\"><\/div>\n\t\t\t\t\t\n\n\t\t\t\t\t\n\t\t\t\t\t<figure class=\"wp-block-image alignfull size-large is-style-twentytwentyone-image-frame\"><img decoding=\"async\" src=\"https:\/\/jambrosic.com\/wp-content\/themes\/twentytwentyone\/assets\/images\/in-the-bois-de-boulogne.jpg\" alt=\"&#8220;U Bolonjskim \u0161umama&#8221; Berthe Morisot\"\/><\/figure>\n\t\t\t\t\t<\/div>\n\t\t\t\t\t\n\n\t\t\t\t\t\n\t\t\t\t\t<div class=\"wp-block-column is-vertically-aligned-center is-layout-flow wp-block-column-is-layout-flow\">\n\t\t\t\t\t<div style=\"height:100px\" aria-hidden=\"true\" class=\"wp-block-spacer\"><\/div>\n\t\t\t\t\t\n\n\t\t\t\t\t\n\t\t\t\t\t<figure class=\"wp-block-image size-large alignfull size-full is-style-twentytwentyone-border\"><img decoding=\"async\" src=\"https:\/\/jambrosic.com\/wp-content\/themes\/twentytwentyone\/assets\/images\/young-woman-in-mauve.jpg\" alt=\"&#8220;Mlada \u017eena u Mauveu&#8221; Berthe Morisot\"\/><\/figure>\n\t\t\t\t\t<\/div>\n\t\t\t\t\t<\/div>\n\t\t\t\t\t\n\n\t\t\t\t\t\n\t\t\t\t\t<div style=\"height:50px\" aria-hidden=\"true\" class=\"wp-block-spacer\"><\/div>\n\t\t\t\t\t\n\n\t\t\t\t\t\n\t\t\t\t\t<div class=\"wp-block-columns alignwide are-vertically-aligned-top is-layout-flex wp-container-core-columns-is-layout-2 wp-block-columns-is-layout-flex\">\n\t\t\t\t\t<div class=\"wp-block-column is-vertically-aligned-top is-layout-flow wp-block-column-is-layout-flow\">\n\t\t\t\t\t<h3 class=\"wp-block-heading\">Dodaj uzorke blokova<\/h3>\n\t\t\t\t\t\n\n\t\t\t\t\t\n\t\t\t\t\t<p>Uzorci blokova su unaprijed dizajnirane skupine blokova. Da biste dodali jedan, odaberite dugme Dodaj blok [+] na alatnoj traci na vrhu ure\u0111iva\u010da. Prebacite se na karticu Uzorci ispod trake pretra\u017eiva\u010da i odaberite uzorak.<\/p>\n\t\t\t\t\t<\/div>\n\t\t\t\t\t\n\n\t\t\t\t\t\n\t\t\t\t\t<div class=\"wp-block-column is-vertically-aligned-top is-layout-flow wp-block-column-is-layout-flow\">\n\t\t\t\t\t<h3 class=\"wp-block-heading\">Uokviri svoje slike<\/h3>\n\t\t\t\t\t\n\n\t\t\t\t\t\n\t\t\t\t\t<p>Twenty Twenty-One uklju\u010duje stilske obrube za va\u0161 sadr\u017eaj. S odabranim blokom slike otvorite plo\u010du &quot;Stilovi&quot; na bo\u010dnoj traci ure\u0111iva\u010da. Odaberite stil bloka &quot;Frame&quot; da biste ga aktivirali.<\/p>\n\t\t\t\t\t<\/div>\n\t\t\t\t\t\n\n\t\t\t\t\t\n\t\t\t\t\t<div class=\"wp-block-column is-vertically-aligned-top is-layout-flow wp-block-column-is-layout-flow\">\n\t\t\t\t\t<h3 class=\"wp-block-heading\">Preklopi stupce<\/h3>\n\t\t\t\t\t\n\n\t\t\t\t\t\n\t\t\t\t\t<p>Twenty Twenty-One tako\u0111er uklju\u010duje preklapaju\u0107i stil blokova stupaca. S odabranim blokom Stupci otvorite plo\u010du &quot;Stilovi&quot; na bo\u010dnoj traci ure\u0111iva\u010da. Odaberite stil bloka &quot;Preklapanje&quot; da biste ga isprobali.<\/p>\n\t\t\t\t\t<\/div>\n\t\t\t\t\t<\/div>\n\t\t\t\t\t\n\n\t\t\t\t\t\n\t\t\t\t\t<div style=\"height:100px\" aria-hidden=\"true\" class=\"wp-block-spacer\"><\/div>\n\t\t\t\t\t\n\n\t\t\t\t\t\n\t\t\t\t\t<div class=\"wp-block-cover alignwide has-green-background-color has-background-dim is-style-twentytwentyone-border\"><div class=\"wp-block-cover__inner-container is-layout-flow wp-block-cover-is-layout-flow\">\n\t\t\t\t\t<div style=\"height:20px\" aria-hidden=\"true\" class=\"wp-block-spacer\"><\/div>\n\t\t\t\t\t\n\n\t\t\t\t\t\n\t\t\t\t\t<p class=\"has-huge-font-size\">Trebate pomo\u0107?<\/p>\n\t\t\t\t\t\n\n\t\t\t\t\t\n\t\t\t\t\t<div style=\"height:75px\" aria-hidden=\"true\" class=\"wp-block-spacer\"><\/div>\n\t\t\t\t\t\n\n\t\t\t\t\t\n\t\t\t\t\t<div class=\"wp-block-columns is-layout-flex wp-container-core-columns-is-layout-3 wp-block-columns-is-layout-flex\">\n\t\t\t\t\t<div class=\"wp-block-column is-layout-flow wp-block-column-is-layout-flow\">\n\t\t\t\t\t<p><a href=\"https:\/\/wordpress.org\/support\/article\/twenty-twenty-one\/\">Pro\u010ditaj dokumentaciju teme<\/a><\/p>\n\t\t\t\t\t<\/div>\n\t\t\t\t\t\n\n\t\t\t\t\t\n\t\t\t\t\t<div class=\"wp-block-column is-layout-flow wp-block-column-is-layout-flow\">\n\t\t\t\t\t<p><a href=\"https:\/\/wordpress.org\/support\/theme\/twentytwentyone\/\">Pogledajte forume podr\u0161ke<\/a><\/p>\n\t\t\t\t\t<\/div>\n\t\t\t\t\t<\/div>\n\t\t\t\t\t\n\n\t\t\t\t\t\n\t\t\t\t\t<div style=\"height:20px\" aria-hidden=\"true\" class=\"wp-block-spacer\"><\/div>\n\t\t\t\t\t<\/div><\/div>\n\t\t\t\t\t","protected":false},"excerpt":{"rendered":"<p>Stvori svoju web-stranicu s blokovima Dodaj uzorke blokova Uzorci blokova su unaprijed dizajnirane skupine blokova. Da biste dodali jedan, odaberite dugme Dodaj blok [+] na alatnoj traci na vrhu ure\u0111iva\u010da. Prebacite se na karticu Uzorci ispod trake pretra\u017eiva\u010da i odaberite uzorak. Uokviri svoje slike Twenty Twenty-One uklju\u010duje stilske obrube za va\u0161 sadr\u017eaj. S odabranim blokom &hellip; <\/p>\n<p class=\"link-more\"><a href=\"https:\/\/jambrosic.com\/\" class=\"more-link\">Nastavi \u010ditati<span class=\"screen-reader-text\"> &#8220;Stvori svoju web-stranicu s blokovima&#8221;<\/span><\/a><\/p>\n","protected":false},"author":1,"featured_media":0,"parent":0,"menu_order":0,"comment_status":"closed","ping_status":"closed","template":"","meta":{"footnotes":""},"_links":{"self":[{"href":"https:\/\/jambrosic.com\/index.php?rest_route=\/wp\/v2\/pages\/21"}],"collection":[{"href":"https:\/\/jambrosic.com\/index.php?rest_route=\/wp\/v2\/pages"}],"about":[{"href":"https:\/\/jambrosic.com\/index.php?rest_route=\/wp\/v2\/types\/page"}],"author":[{"embeddable":true,"href":"https:\/\/jambrosic.com\/index.php?rest_route=\/wp\/v2\/users\/1"}],"replies":[{"embeddable":true,"href":"https:\/\/jambrosic.com\/index.php?rest_route=%2Fwp%2Fv2%2Fcomments&post=21"}],"version-history":[{"count":1,"href":"https:\/\/jambrosic.com\/index.php?rest_route=\/wp\/v2\/pages\/21\/revisions"}],"predecessor-version":[{"id":28,"href":"https:\/\/jambrosic.com\/index.php?rest_route=\/wp\/v2\/pages\/21\/revisions\/28"}],"wp:attachment":[{"href":"https:\/\/jambrosic.com\/index.php?rest_route=%2Fwp%2Fv2%2Fmedia&parent=21"}],"curies":[{"name":"wp","href":"https:\/\/api.w.org\/{rel}","templated":true}]}}